{"id":501,"date":"2015-05-07T12:14:54","date_gmt":"2015-05-07T12:14:54","guid":{"rendered":"http:\/\/www.terroirpaysdesaintfelicien.com\/?page_id=501"},"modified":"2023-09-27T09:52:23","modified_gmt":"2023-09-27T09:52:23","slug":"rejoignez-nous","status":"publish","type":"page","link":"https:\/\/www.terroirpaysdesaintfelicien.org\/?page_id=501","title":{"rendered":"Rejoignez-nous"},"content":{"rendered":"<div class=\"\" dir=\"auto\">\n<div id=\":rd1:\" class=\"x1iorvi4 x1pi30zi x1l90r2v x1swvt13\" data-ad-comet-preview=\"message\" data-ad-preview=\"message\">\n<div class=\"x78zum5 xdt5ytf xz62fqu x16ldp7u\">\n<div class=\"xu06os2 x1ok221b\">\n<div class=\"xdj266r x11i5rnm xat24cr x1mh8g0r x1vvkbs x126k92a\">\n<div dir=\"auto\">Depuis l\u2019Assembl\u00e9e g\u00e9n\u00e9rale du 13 d\u00e9cembre 2022, des changements ont transform\u00e9 l\u2019organisation de l\u2019association Terroir Pays de Saint-F\u00e9licien.<\/div>\n<\/div>\n<div class=\"x11i5rnm xat24cr x1mh8g0r x1vvkbs xtlvy1s x126k92a\"><\/div>\n<div class=\"x11i5rnm xat24cr x1mh8g0r x1vvkbs xtlvy1s x126k92a\">\n<div dir=\"auto\">Consultez la <a href=\"_wp_link_placeholder\" data-wplink-edit=\"true\">page d\u00e9di\u00e9e \u00e0 l&rsquo;association<\/a> sur ce site web et t\u00e9l\u00e9chargez les fiches de chaque commission.<\/div>\n<\/div>\n<\/div>\n<\/div>\n<\/div>\n<\/div>\n<h1><\/h1>\n<h1 style=\"text-align: left;\"><span style=\"color: #000000;\">Comment nous rejoindre ?<\/span><\/h1>\n<p>Adh\u00e9sion annuelle individuelle : 15 \u20ac<br \/>\nAdh\u00e9sion annuelle pour une association : 30 \u20ac<\/p>\n<p>T\u00e9l\u00e9chargez le <a href=\"\/wp-content\/uploads\/2023\/02\/BULLETIN-ADHESION-ATTESTATION-2023.pdf\">bulletin d&rsquo;adh\u00e9sion<\/a><\/p>\n","protected":false},"excerpt":{"rendered":"<p>Depuis l\u2019Assembl\u00e9e g\u00e9n\u00e9rale du 13 d\u00e9cembre 2022, des changements ont transform\u00e9 l\u2019organisation de l\u2019association Terroir Pays de Saint-F\u00e9licien. Consultez la page d\u00e9di\u00e9e \u00e0 l&rsquo;association sur ce site web et t\u00e9l\u00e9chargez les fiches de chaque commission. Comment nous rejoindre ? Adh\u00e9sion &hellip; <a href=\"https:\/\/www.terroirpaysdesaintfelicien.org\/?page_id=501\">Continuer la lecture <span class=\"meta-nav\">&rarr;<\/span><\/a><\/p>\n","protected":false},"author":1,"featured_media":0,"parent":0,"menu_order":0,"comment_status":"closed","ping_status":"closed","template":"","meta":{"footnotes":""},"class_list":["post-501","page","type-page","status-publish","hentry"],"_links":{"self":[{"href":"https:\/\/www.terroirpaysdesaintfelicien.org\/index.php?rest_route=\/wp\/v2\/pages\/501","targetHints":{"allow":["GET"]}}],"collection":[{"href":"https:\/\/www.terroirpaysdesaintfelicien.org\/index.php?rest_route=\/wp\/v2\/pages"}],"about":[{"href":"https:\/\/www.terroirpaysdesaintfelicien.org\/index.php?rest_route=\/wp\/v2\/types\/page"}],"author":[{"embeddable":true,"href":"https:\/\/www.terroirpaysdesaintfelicien.org\/index.php?rest_route=\/wp\/v2\/users\/1"}],"replies":[{"embeddable":true,"href":"https:\/\/www.terroirpaysdesaintfelicien.org\/index.php?rest_route=%2Fwp%2Fv2%2Fcomments&post=501"}],"version-history":[{"count":13,"href":"https:\/\/www.terroirpaysdesaintfelicien.org\/index.php?rest_route=\/wp\/v2\/pages\/501\/revisions"}],"predecessor-version":[{"id":1586,"href":"https:\/\/www.terroirpaysdesaintfelicien.org\/index.php?rest_route=\/wp\/v2\/pages\/501\/revisions\/1586"}],"wp:attachment":[{"href":"https:\/\/www.terroirpaysdesaintfelicien.org\/index.php?rest_route=%2Fwp%2Fv2%2Fmedia&parent=501"}],"curies":[{"name":"wp","href":"https:\/\/api.w.org\/{rel}","templated":true}]}}