{"id":90,"date":"2015-04-29T19:10:41","date_gmt":"2015-04-29T19:10:41","guid":{"rendered":"http:\/\/www.terroirpaysdesaintfelicien.com\/?page_id=90"},"modified":"2023-01-28T14:25:12","modified_gmt":"2023-01-28T14:25:12","slug":"les-entretiens-du-terroir","status":"publish","type":"page","link":"https:\/\/www.terroirpaysdesaintfelicien.org\/?page_id=90","title":{"rendered":"Les Entretiens du Terroir"},"content":{"rendered":"<p>Les \u00ab\u00a0Entretiens du terroir\u00a0\u00bb sont un moment de rencontres et d&rsquo;\u00e9changes sur les m\u00e9thodes de valorisation des terroirs. Conf\u00e9rences, ateliers, visites sont organis\u00e9s pour le grand public et les acteurs du pays.<\/p>\n\n\n<figure class=\"wp-block-gallery has-nested-images columns-default is-cropped wp-block-gallery-1 is-layout-flex wp-block-gallery-is-layout-flex\">\n<figure class=\"wp-block-image size-large\"><a href=\"https:\/\/www.terroirpaysdesaintfelicien.org\/wp-content\/uploads\/2022\/12\/genealogie-2.jpg\"><img loading=\"lazy\" decoding=\"async\" width=\"933\" height=\"472\" data-id=\"1471\" src=\"https:\/\/www.terroirpaysdesaintfelicien.org\/wp-content\/uploads\/2022\/12\/genealogie-2.jpg\" alt=\"\" class=\"wp-image-1471\" srcset=\"https:\/\/www.terroirpaysdesaintfelicien.org\/wp-content\/uploads\/2022\/12\/genealogie-2.jpg 933w, https:\/\/www.terroirpaysdesaintfelicien.org\/wp-content\/uploads\/2022\/12\/genealogie-2-300x152.jpg 300w, https:\/\/www.terroirpaysdesaintfelicien.org\/wp-content\/uploads\/2022\/12\/genealogie-2-768x389.jpg 768w, https:\/\/www.terroirpaysdesaintfelicien.org\/wp-content\/uploads\/2022\/12\/genealogie-2-500x253.jpg 500w\" sizes=\"auto, (max-width: 933px) 100vw, 933px\" \/><\/a><\/figure>\n<\/figure>\n\n\n\n<p>Les actes de ces entretiens sont disponibles en ligne.<\/p>\n\n\n\n<p><a href=\"https:\/\/www.terroirpaysdesaintfelicien.org\/wp-content\/uploads\/2023\/01\/Entretiens2022.pdf\" target=\"_blank\" rel=\"noreferrer noopener\">T\u00e9l\u00e9charger le compte-rendu de la journ\u00e9e Entretien du Terroir du 15 octobre 2022<\/a><br><br><a href=\"http:\/\/www.terroirpaysdesaintfelicien.com\/wp-content\/uploads\/2015\/04\/EdT-Brochure-Actes2012_Partie1.pdf\">T\u00e9l\u00e9charger la brochure des entretiens du terroir 2012 1ere partie<\/a><br><a href=\"http:\/\/www.terroirpaysdesaintfelicien.com\/wp-content\/uploads\/2015\/04\/EdT-Brochure-Actes2012_Partie2.pdf\">T\u00e9l\u00e9charger la brochure des entretiens du terroir 2012 2\u00e8me partie<\/a><br><a href=\"http:\/\/www.terroirpaysdesaintfelicien.com\/wp-content\/uploads\/2015\/04\/EdT-Brochure-Actes2012_Partie3.pdf\">T\u00e9l\u00e9charger la brochure des entretiens du terroir 2012 3\u00e8me partie<\/a><\/p>\n\n\n\n<p><a href=\"http:\/\/www.terroirpaysdesaintfelicien.com\/wp-content\/uploads\/2015\/04\/Actes-Entretiens-du-Terroir-Pays-de-St-Felicien-2013-VF_Partie1.pdf\">T\u00e9l\u00e9charger la brochure des entretiens du terroir 2013 1ere partie<\/a><br><a href=\"http:\/\/www.terroirpaysdesaintfelicien.com\/wp-content\/uploads\/2015\/04\/Actes-Entretiens-du-Terroir-Pays-de-St-Felicien-2013-VF_Partie2.pdf\">T\u00e9l\u00e9charger la brochure des entretiens du terroir 2013 2\u00e8me partie<\/a><\/p>\n\n\n\n<p><a href=\"http:\/\/www.terroirpaysdesaintfelicien.com\/wp-content\/uploads\/2015\/05\/Brochure-Terroir-2014_Partie1.pdf\">T\u00e9l\u00e9charger la brochure des entretiens du terroir 2014 1ere partie<\/a><br><a href=\"http:\/\/www.terroirpaysdesaintfelicien.com\/wp-content\/uploads\/2015\/05\/Brochure-Terroir-2014_Partie2.pdf\">T\u00e9l\u00e9charger la brochure des entretiens du terroir 2014 2\u00e8me partie<\/a><\/p>\n\n\n\n<figure class=\"wp-block-gallery has-nested-images columns-default is-cropped wp-block-gallery-2 is-layout-flex wp-block-gallery-is-layout-flex\">\n<figure class=\"wp-block-image size-large\"><img loading=\"lazy\" decoding=\"async\" width=\"1131\" height=\"1599\" data-id=\"1308\" src=\"https:\/\/www.terroirpaysdesaintfelicien.org\/wp-content\/uploads\/2022\/02\/entretiens2019.jpg\" alt=\"\" class=\"wp-image-1308\" srcset=\"https:\/\/www.terroirpaysdesaintfelicien.org\/wp-content\/uploads\/2022\/02\/entretiens2019.jpg 1131w, https:\/\/www.terroirpaysdesaintfelicien.org\/wp-content\/uploads\/2022\/02\/entretiens2019-212x300.jpg 212w, https:\/\/www.terroirpaysdesaintfelicien.org\/wp-content\/uploads\/2022\/02\/entretiens2019-724x1024.jpg 724w, https:\/\/www.terroirpaysdesaintfelicien.org\/wp-content\/uploads\/2022\/02\/entretiens2019-768x1086.jpg 768w, https:\/\/www.terroirpaysdesaintfelicien.org\/wp-content\/uploads\/2022\/02\/entretiens2019-1086x1536.jpg 1086w\" sizes=\"auto, (max-width: 1131px) 100vw, 1131px\" \/><\/figure>\n\n\n\n<figure class=\"wp-block-image size-large\"><img loading=\"lazy\" decoding=\"async\" width=\"707\" height=\"1000\" data-id=\"569\" src=\"https:\/\/www.terroirpaysdesaintfelicien.org\/wp-content\/uploads\/2015\/04\/EdT_2014.jpg\" alt=\"\" class=\"wp-image-569\" srcset=\"https:\/\/www.terroirpaysdesaintfelicien.org\/wp-content\/uploads\/2015\/04\/EdT_2014.jpg 707w, https:\/\/www.terroirpaysdesaintfelicien.org\/wp-content\/uploads\/2015\/04\/EdT_2014-212x300.jpg 212w\" sizes=\"auto, (max-width: 707px) 100vw, 707px\" \/><\/figure>\n<\/figure>\n\n\n\n<figure class=\"wp-block-gallery has-nested-images columns-default is-cropped wp-block-gallery-3 is-layout-flex wp-block-gallery-is-layout-flex\">\n<figure class=\"wp-block-image size-large\"><img loading=\"lazy\" decoding=\"async\" width=\"707\" height=\"1000\" data-id=\"568\" src=\"https:\/\/www.terroirpaysdesaintfelicien.org\/wp-content\/uploads\/2015\/04\/EdT_2013.jpg\" alt=\"\" class=\"wp-image-568\" srcset=\"https:\/\/www.terroirpaysdesaintfelicien.org\/wp-content\/uploads\/2015\/04\/EdT_2013.jpg 707w, https:\/\/www.terroirpaysdesaintfelicien.org\/wp-content\/uploads\/2015\/04\/EdT_2013-212x300.jpg 212w\" sizes=\"auto, (max-width: 707px) 100vw, 707px\" \/><\/figure>\n\n\n\n<figure class=\"wp-block-image size-large\"><img loading=\"lazy\" decoding=\"async\" width=\"707\" height=\"1000\" data-id=\"567\" src=\"https:\/\/www.terroirpaysdesaintfelicien.org\/wp-content\/uploads\/2015\/04\/EdT_2012.jpg\" alt=\"\" class=\"wp-image-567\" srcset=\"https:\/\/www.terroirpaysdesaintfelicien.org\/wp-content\/uploads\/2015\/04\/EdT_2012.jpg 707w, https:\/\/www.terroirpaysdesaintfelicien.org\/wp-content\/uploads\/2015\/04\/EdT_2012-212x300.jpg 212w\" sizes=\"auto, (max-width: 707px) 100vw, 707px\" \/><\/figure>\n<\/figure>\n","protected":false},"excerpt":{"rendered":"<p>Les \u00ab\u00a0Entretiens du terroir\u00a0\u00bb sont un moment de rencontres et d&rsquo;\u00e9changes sur les m\u00e9thodes de valorisation des terroirs. Conf\u00e9rences, ateliers, visites sont organis\u00e9s pour le grand public et les acteurs du pays. Les actes de ces entretiens sont disponibles en &hellip; <a href=\"https:\/\/www.terroirpaysdesaintfelicien.org\/?page_id=90\">Continuer la lecture <span class=\"meta-nav\">&rarr;<\/span><\/a><\/p>\n","protected":false},"author":1,"featured_media":0,"parent":0,"menu_order":0,"comment_status":"closed","ping_status":"closed","template":"","meta":{"footnotes":""},"class_list":["post-90","page","type-page","status-publish","hentry"],"_links":{"self":[{"href":"https:\/\/www.terroirpaysdesaintfelicien.org\/index.php?rest_route=\/wp\/v2\/pages\/90","targetHints":{"allow":["GET"]}}],"collection":[{"href":"https:\/\/www.terroirpaysdesaintfelicien.org\/index.php?rest_route=\/wp\/v2\/pages"}],"about":[{"href":"https:\/\/www.terroirpaysdesaintfelicien.org\/index.php?rest_route=\/wp\/v2\/types\/page"}],"author":[{"embeddable":true,"href":"https:\/\/www.terroirpaysdesaintfelicien.org\/index.php?rest_route=\/wp\/v2\/users\/1"}],"replies":[{"embeddable":true,"href":"https:\/\/www.terroirpaysdesaintfelicien.org\/index.php?rest_route=%2Fwp%2Fv2%2Fcomments&post=90"}],"version-history":[{"count":44,"href":"https:\/\/www.terroirpaysdesaintfelicien.org\/index.php?rest_route=\/wp\/v2\/pages\/90\/revisions"}],"predecessor-version":[{"id":1507,"href":"https:\/\/www.terroirpaysdesaintfelicien.org\/index.php?rest_route=\/wp\/v2\/pages\/90\/revisions\/1507"}],"wp:attachment":[{"href":"https:\/\/www.terroirpaysdesaintfelicien.org\/index.php?rest_route=%2Fwp%2Fv2%2Fmedia&parent=90"}],"curies":[{"name":"wp","href":"https:\/\/api.w.org\/{rel}","templated":true}]}}