{"id":993,"date":"2021-07-02T13:21:17","date_gmt":"2021-07-02T13:21:17","guid":{"rendered":"https:\/\/www.terroirpaysdesaintfelicien.com\/?page_id=993"},"modified":"2023-07-24T17:52:13","modified_gmt":"2023-07-24T17:52:13","slug":"lassociation","status":"publish","type":"page","link":"https:\/\/www.terroirpaysdesaintfelicien.org\/?page_id=993","title":{"rendered":"L&rsquo;association"},"content":{"rendered":"\n<p>C\u2019est une association de b\u00e9n\u00e9voles ayant pour objectif de promouvoir, d\u00e9fendre les savoir-faire du Pays de Saint-F\u00e9licien et de d\u00e9velopper les liens entre les habitants autour d\u2019un projet de bien commun.<\/p>\n\n\n\n<p>Depuis l&rsquo;Assembl\u00e9e g\u00e9n\u00e9rale du 13 d\u00e9cembre 2022, des changements ont transform\u00e9 l\u2019organisation de l&rsquo;association.<\/p>\n\n\n\n<p>Un comit\u00e9 de pilotage (Copil) s&rsquo;est form\u00e9 avec des commissions pour assumer les diff\u00e9rents projets men\u00e9s par Terroir : une <a rel=\"noreferrer noopener\" href=\"https:\/\/www.terroirpaysdesaintfelicien.org\/wp-content\/uploads\/2023\/07\/Commssion-agroecologie.pdf\" target=\"_blank\">commission Agro\u00e9cologie<\/a>, une <a href=\"https:\/\/www.terroirpaysdesaintfelicien.org\/wp-content\/uploads\/2023\/07\/Commission-Balades-Patrimoniales.pdf\" target=\"_blank\" rel=\"noreferrer noopener\">commission Balades Patrimoniales<\/a>, une commission Budget, une <a rel=\"noreferrer noopener\" href=\"https:\/\/www.terroirpaysdesaintfelicien.org\/wp-content\/uploads\/2023\/07\/Commission-Caille-Doux-V2.pdf\" target=\"_blank\">commission Caill\u00e9 doux de Saint-F\u00e9licien<\/a>, une <a rel=\"noreferrer noopener\" href=\"https:\/\/www.terroirpaysdesaintfelicien.org\/wp-content\/uploads\/2023\/07\/Commission-cartographie.pdf\" target=\"_blank\">commission Cartographie<\/a>, une commission Communication, une commission Logistique, une <a rel=\"noreferrer noopener\" href=\"https:\/\/www.terroirpaysdesaintfelicien.org\/wp-content\/uploads\/2023\/07\/Commission-AEC.pdf\" target=\"_blank\">commission Langue d\u2019OC<\/a> avec pour chacune d&rsquo;entre elles un r\u00e9f\u00e9rent.<\/p>\n\n\n\n<p>Si vous vous sentez int\u00e9ress\u00e9(e) par une de ces Commissions n\u2019h\u00e9sitez pas \u00e0 nous en faire part. Vous pouvez contacter par mail une des personnes r\u00e9f\u00e9rentes (mail en t\u00eate des pdf).<\/p>\n\n\n\n<p>Vous souhaitez plus g\u00e9n\u00e9ralement nous contacter ? Envoyez-nous un courrier ou mail \u00e0 <\/p>\n\n\n\n<p><strong>Association Terroir Pays de Saint-F\u00e9licien<\/strong><br>Mairie de Saint- F\u00e9licien<br>21 place de l\u2019h\u00f4tel de ville 07410 Saint-F\u00e9licien<br><a href=\"mailto:adresse e-mail\">terroirpaysdesaintfelicien@gmail.com<\/a><\/p>\n\n\n\n<p><br><br><\/p>\n","protected":false},"excerpt":{"rendered":"<p>C\u2019est une association de b\u00e9n\u00e9voles ayant pour objectif de promouvoir, d\u00e9fendre les savoir-faire du Pays de Saint-F\u00e9licien et de d\u00e9velopper les liens entre les habitants autour d\u2019un projet de bien commun. Depuis l&rsquo;Assembl\u00e9e g\u00e9n\u00e9rale du 13 d\u00e9cembre 2022, des changements &hellip; <a href=\"https:\/\/www.terroirpaysdesaintfelicien.org\/?page_id=993\">Continuer la lecture <span class=\"meta-nav\">&rarr;<\/span><\/a><\/p>\n","protected":false},"author":4,"featured_media":0,"parent":0,"menu_order":0,"comment_status":"closed","ping_status":"closed","template":"","meta":{"footnotes":""},"class_list":["post-993","page","type-page","status-publish","hentry"],"_links":{"self":[{"href":"https:\/\/www.terroirpaysdesaintfelicien.org\/index.php?rest_route=\/wp\/v2\/pages\/993","targetHints":{"allow":["GET"]}}],"collection":[{"href":"https:\/\/www.terroirpaysdesaintfelicien.org\/index.php?rest_route=\/wp\/v2\/pages"}],"about":[{"href":"https:\/\/www.terroirpaysdesaintfelicien.org\/index.php?rest_route=\/wp\/v2\/types\/page"}],"author":[{"embeddable":true,"href":"https:\/\/www.terroirpaysdesaintfelicien.org\/index.php?rest_route=\/wp\/v2\/users\/4"}],"replies":[{"embeddable":true,"href":"https:\/\/www.terroirpaysdesaintfelicien.org\/index.php?rest_route=%2Fwp%2Fv2%2Fcomments&post=993"}],"version-history":[{"count":4,"href":"https:\/\/www.terroirpaysdesaintfelicien.org\/index.php?rest_route=\/wp\/v2\/pages\/993\/revisions"}],"predecessor-version":[{"id":1551,"href":"https:\/\/www.terroirpaysdesaintfelicien.org\/index.php?rest_route=\/wp\/v2\/pages\/993\/revisions\/1551"}],"wp:attachment":[{"href":"https:\/\/www.terroirpaysdesaintfelicien.org\/index.php?rest_route=%2Fwp%2Fv2%2Fmedia&parent=993"}],"curies":[{"name":"wp","href":"https:\/\/api.w.org\/{rel}","templated":true}]}}